{"id":9,"date":"2023-04-04T12:46:50","date_gmt":"2023-04-04T12:46:50","guid":{"rendered":"https:\/\/zeitzeuge.nl\/?page_id=9"},"modified":"2023-04-04T12:47:37","modified_gmt":"2023-04-04T12:47:37","slug":"algemene-voorwaarden","status":"publish","type":"page","link":"https:\/\/zeitzeuge.nl\/eng\/algemene-voorwaarden\/","title":{"rendered":"Algemene voorwaarden"},"content":{"rendered":"\n<p><strong>Artikel 1 \u2013 DEFINITIES&nbsp;<\/strong><\/p>\n\n\n\n<p>In deze Algemene Voorwaarden wordt verstaan onder:<\/p>\n\n\n\n<p>\u2013 Aanbieder: Zeitzeuge&nbsp;<\/p>\n\n\n\n<p>\u2013&nbsp; Cli\u00ebnt: de (potenti\u00eble) Cli\u00ebnt van zaken en\/of diensten van Zeitzeuge, dit kan zowel een priv\u00e9persoon als een rechtspersoon zijn;<\/p>\n\n\n\n<p>\u2013&nbsp; Orderbevestiging\/factuur: De orderbevestiging\/factuur zoals beschreven in artikel 4.2.<\/p>\n\n\n\n<p>\u2013&nbsp; Algemene Voorwaarden: deze Algemene Voorwaarden.<\/p>\n\n\n\n<p><strong>Artikel 2 \u2013 Algemeen<br><\/strong>2.1&nbsp;&nbsp;&nbsp;&nbsp; Tenzij uitdrukkelijk schriftelijk anders is overeengekomen, zijn deze algemene voorwaarden van toepassing op alle verkoopovereenkomsten waarbij tegen de onderstaande voorwaarden door Zeitzeuge aan de Cli\u00ebnt, sieraden verkocht worden of diensten worden aangeboden.<\/p>\n\n\n\n<p>2.2&nbsp;&nbsp;&nbsp;&nbsp; De onderhavige voorwaarden zijn eveneens van toepassing op overeenkomsten met gebruiker, voor de uitvoering waarvan derden dienen te worden betrokken.<\/p>\n\n\n\n<p>2.3&nbsp;&nbsp;&nbsp;&nbsp; Indien (een) bepaling(en) van deze Algemene Voorwaarden nietig is\/zijn of vernietigd wordt\/worden, zullen de overige bepalingen van deze Algemene Voorwaarden volledig van kracht blijven. Zeitzeuge en de Cli\u00ebnt zullen dan in overleg treden teneinde (een) nieuwe bepaling(en) ter vervanging van de nietige c.q. vernietigde bepaling(en) overeen te komen, waarbij zoveel mogelijk het doel en de strekking van de nietige c.q. vernietigde bepaling(en) in acht wordt\/worden genomen.<\/p>\n\n\n\n<p><strong>Artikel 3 \u2013 Aanbod en Overeenkomst<\/strong><\/p>\n\n\n\n<p>3.1 &nbsp; &nbsp; Zeitzeuge treedt op als uitvoerend kunstenaar. Zeitzeuge is niet aansprakelijk voor eventuele gevolgen voortvloeiende uit het contact tussen deze twee partijen.<\/p>\n\n\n\n<p>3.2&nbsp;&nbsp;&nbsp;&nbsp; De overeenkomst tussen Zeitzeuge en de Cli\u00ebnt komt tot stand door&nbsp;tijdige aanvaarding door de cli\u00ebnt van het gebruikersaanbod dat wordt getoond via de website van Zeitzeuge (www.zeitzeuge.nl)<\/p>\n\n\n\n<p>3.3&nbsp;&nbsp;&nbsp;&nbsp; De factuur doet tevens dienst als orderbevestiging. De orderbevestiging\/factuur vermeldt in ieder geval de volgende informatie:<br>\u00b7 De naam van het kunstwerk<br>\u00b7 De prijs<br>\u00b7 Het e-mail adres en\/of telefoonnummer waar de Cli\u00ebnt zich kan wenden met vragen omtrent de order.<br>Indien de bestelling online al is betaald (Ideal) zal de factuur duidelijk \u2018Reeds betaald\u2019 vermelden.<\/p>\n\n\n\n<p>3.4&nbsp;&nbsp;&nbsp;&nbsp; De administratie van Zeitzeuge geldt, behoudens tegenbewijs, als bewijs van de door de cli\u00ebnt aan Zeitzeuge verstrekte opdracht(en) en gedane betalingen en van door&nbsp;Zeitzeuge verrichte leveringen.&nbsp;Zeitzeuge erkent dat elektronische communicatie als bewijs kan dienen. Door het accepteren van de algemene voorwaarden erkent de cli\u00ebnt dit eveneens<\/p>\n\n\n\n<p><strong>Artikel 4 \u2013 Prijzen, Tarieven en Betaling<\/strong><\/p>\n\n\n\n<p>4.1&nbsp;&nbsp;&nbsp;&nbsp; Alle prijzen voor de aangeboden zaken zijn in euro en vrijgesteld van omzetbelasting (BTW) en exclusief handling- en verzend,- of bezorgkosten, tenzij anders vermeld of schriftelijk overeengekomen.&nbsp;<\/p>\n\n\n\n<p>4.2&nbsp;&nbsp;&nbsp;&nbsp; Binnen 5 werkdagen, nadat Zeitzeuge het bestel c.q. machtigingsformulier, waardoor de koopovereenkomst tot stand komt heeft ontvangen, krijgt de cli\u00ebnt de desbetreffende factuur toegestuurd.<\/p>\n\n\n\n<p>4.3&nbsp;&nbsp;&nbsp;&nbsp; Alle facturen zullen door de Cli\u00ebnt worden betaald zonder een beroep op korting en\/of verrekening en\/of opschortingen en wel uiterlijk op de veertiende dag na datum factuur, tenzij schriftelijk anders overeengekomen.<\/p>\n\n\n\n<p>4.4&nbsp;&nbsp;&nbsp;&nbsp; Na het verstrijken van 14 dagen na de factuurdatum is de cli\u00ebnt van rechtswege in verzuim; de cli\u00ebnt is vanaf het moment van in verzuim treden over het opeisbare bedrag een rente verschuldigd van 1% per maand, tenzij de wettelijke rente hoger is in welk geval de wettelijke rente geldt.<\/p>\n\n\n\n<p><strong>Artikel 5 \u2013 Levering \/ Leveringstermijnen<\/strong><\/p>\n\n\n\n<p>5.1&nbsp;&nbsp;&nbsp;&nbsp; Leveringen vinden plaats binnen Nederland, tenzij anders is aangegeven.<\/p>\n\n\n\n<p>5.2&nbsp;&nbsp;&nbsp;&nbsp; De levertijd bedraagt normaal gesproken maximaal eenentwintig (21) werkdagen na ontvangst van de betaling of na de orderbevestiging (voor bedrijven), tenzij op de website van Zeitzeuge anders is aangegeven. De levertijden gelden als indicatie en niet als fatale termijn.<\/p>\n\n\n\n<p>5.3&nbsp;&nbsp;&nbsp;&nbsp; De levertermijn van het kunstwerk bedraagt maximaal dertig (30) werkdagen of zoveel korter dan is bepaald in de overeenkomst tussen de Cli\u00ebnt en Zeitzeuge.<\/p>\n\n\n\n<p>5.4&nbsp;&nbsp;&nbsp;&nbsp; Wanneer het kunstwerk niet uiterlijk op de dertigste dag na betaling van de factuur, om welke reden dan ook, is afgeleverd, heeft de Cli\u00ebnt de bevoegdheid om de overeenkomst te ontbinden mits de be\u00ebindiging schriftelijk geschiedt via fax of e-mail. Maakt de Cli\u00ebnt van dat recht gebruik dan verplicht Zeitzeuge zich het reeds door de Cli\u00ebnt betaalde bedrag aan de Cli\u00ebnt binnen veertien dagen na ontvangst van de schriftelijke mededeling terug te storten, welke betaling alsdan tegen finale kwijting over en weer geschiedt.<\/p>\n\n\n\n<p>5.5&nbsp;&nbsp;&nbsp;&nbsp; Indien Zeitzeuge gegevens behoeft van de cli\u00ebnt in het kader van uitvoering van de overeenkomst, vangt de levertijd aan nadat de cli\u00ebnt deze aan Zeitzeuge ter beschikking heeft gesteld.<\/p>\n\n\n\n<p>5.6&nbsp;&nbsp;&nbsp;&nbsp; De cli\u00ebnt is verplicht de gekochte zaken af te nemen op het moment waarop hem deze ter beschikking staan of aan hem ter hand worden gesteld.<\/p>\n\n\n\n<p>5.7 &nbsp; &nbsp; Bij ontvangst dient de Cli\u00ebnt het werk grondig te inspecteren op fouten en gebreken en deze dienen binnen 24 uur aan Zeitzeuge gemeld te worden, bij gebreke waarvan de Cli\u00ebnt het werk erkent in goede staat te hebben ontvangen.<\/p>\n\n\n\n<p>5.8 &nbsp; Het risico van verlies of beschadiging van de producten die voorwerp van de overeenkomst zijn, gaat op de cli\u00ebnt over op het moment waarop deze aan de cli\u00ebnt juridisch en\/of feitelijk worden geleverd en daarmee in de macht van de cli\u00ebnt of van een door de cli\u00ebnt aan te wijzen derden worden gebracht.<\/p>\n\n\n\n<p><strong>Artikel 6 \u2013 Overmacht en\/of bijzondere omstandigheden<\/strong><\/p>\n\n\n\n<p>6.1 &nbsp; &nbsp; Zeitzeuge is niet gehouden tot het nakomen van enige verplichting jegens de Cli\u00ebnt indien zij daartoe verhinderd is als gevolg van een omstandigheid, die niet is te wijten aan haar schuld, noch krachtens wet, rechtshandeling of in het verkeer geldende opvattingen voor haar rekening komt.<\/p>\n\n\n\n<p>6.2&nbsp;&nbsp;&nbsp;&nbsp; Omstandigheden in de zin van artikel 6.1 zijn onder andere een bedrijfsstoring, een storing in de energie- of materiaalaanvoer, transportvertraging, een staking en het niet of niet tijdig leveren door leveranciers.<\/p>\n\n\n\n<p><strong>Artikel 7 \u2013 Verkoop van Kunstwerken<\/strong><\/p>\n\n\n\n<p>7.1&nbsp;&nbsp;&nbsp;&nbsp; De op de site getoonde werken kunnen er in werkelijkheid qua kleur enigszins anders uitzien. Zeitzeuge is niet aansprakelijk voor eventuele afwijkingen.<\/p>\n\n\n\n<p>7.2 &nbsp; &nbsp; Nadat de Cli\u00ebnt het door hem\/haar bestelde kunstwerk heeft ontvangen, heeft de Cli\u00ebnt de bevoegdheid om binnen veertien (14) werkdagen na de ontvangst van dit kunstwerk, de onderliggende overeenkomst met Zeitzeuge te ontbinden. De Cli\u00ebnt hoeft hiervoor geen reden op te geven.&nbsp;<\/p>\n\n\n\n<p>7.3&nbsp;&nbsp;&nbsp;&nbsp; Wanneer de cli\u00ebnt een kunstwerk in opdracht heeft laten maken, is deze verplicht het werk te kopen.&nbsp;<\/p>\n\n\n\n<p>7.4 &nbsp; &nbsp; In opdracht vervaardigde kunstwerken zijn van clausule 7.2 uitgesloten en worden in principe alleen in overleg retourneert.<\/p>\n\n\n\n<p>7.5&nbsp; &nbsp; Indien de Cli\u00ebnt de overeenkomst ingevolge artikel 7.3 van deze voorwaarden wenst te ontbinden, dient de Cli\u00ebnt dit schriftelijk (via e-mail of brief) aan Zeitzeuge te melden. De Cli\u00ebnt dient het kunstwerk \u2013 na overleg met Zeitzeuge \u2013 te sturen naar het correspondentieadres. De Cli\u00ebnt is in dit geval kosten verschuldigd voor het terugsturen van het werk naar Zeitzeuge.<\/p>\n\n\n\n<p>7.6 &nbsp; &nbsp; Indien de Cli\u00ebnt reeds enige betalingen heeft verricht op het moment dat de Cli\u00ebnt de overeenkomst met Zeitzeuge ingevolge artikel 7.3. en 7.4 van deze Algemene Voorwaarden heeft ontbonden, zal Zeitzeuge deze betalingen binnen veertien (14) werkdagen nadat Zeitzeuge het door de Cli\u00ebnt geretourneerde kunstwerk heeft ontvangen, aan de Cli\u00ebnt terugbetalen.<\/p>\n\n\n\n<p>7.6 &nbsp; &nbsp;&nbsp;Zeitzeuge behoudt het recht om geretourneerde kunstwerken te weigeren of om slechts een gedeelte van het reeds betaalde bedrag te crediteren, wanneer het vermoeden bestaat dat het kunstwerk door de schuld van de Cli\u00ebnt (anders dan die van Zeitzeuge) is beschadigd. De Cli\u00ebnt is aansprakelijk voor de schade ontstaan in de periode dat hij daarover beschikte. Zeitzeuge heeft het recht de schade te doen herstellen op kosten van de Cli\u00ebnt en is bevoegd die schade te verreken met het door de Cli\u00ebnt gestorte bedrag met dien verstande dat het verhaal van de schade daartoe niet beperkt zal zijn.<\/p>\n\n\n\n<p>7.7 &nbsp; &nbsp; Indien een kunstwerk wordt geretourneerd dat naar het oordeel van Zeitzeuge schade heeft opgelopen die aan een handeling of nalatigheid van de Cli\u00ebnt te wijten is of anderszins voor risico van de Cli\u00ebnt komt, zal Zeitzeuge de Cli\u00ebnt hiervan schriftelijk (via brief of e-mail) in kennis stellen. Zeitzeuge heeft het recht om de waardevermindering van het kunstwerk als gevolg van deze schade van het aan de Cli\u00ebnt terug te betalen bedrag in te houden.<\/p>\n\n\n\n<p>7.8 &nbsp; Zeitzeuge geeft op de verkochte kunstwerken een garantie van vijf jaar (5) naar aankoop.&nbsp;<\/p>\n\n\n\n<p>7.9&nbsp;&nbsp;&nbsp;&nbsp; De garantie is beperkt op duidelijk aantoonbaar gebreken die door las of soldeerwerk of constructieve fouten zijn te achterhalen.&nbsp; De garantie is niet van toepassing op slijtage onderhevige (leren) riempjes en zoekgeraakte edelstenen.<\/p>\n\n\n\n<p><strong>Artikel 8 \u2013 &nbsp;Intellectuele eigendom en auteursrechten<\/strong><\/p>\n\n\n\n<p>8.1&nbsp;&nbsp;&nbsp;&nbsp; Onverminderd het overigens in deze algemene voorwaarden bepaalde behoudt gebruiker zich de rechten en bevoegdheden voor die Zeitzeuge toekomen op grond van de Auteurswet.<\/p>\n\n\n\n<p>8.2&nbsp;&nbsp;&nbsp;&nbsp; Het is de cli\u00ebnt niet toegestaan veranderingen in de zaken aan te brengen, tenzij uit de aard van het geleverde anders volgt of schriftelijk anders is overeengekomen.<\/p>\n\n\n\n<p>8.3&nbsp;&nbsp;&nbsp;&nbsp; De in het kader van de overeenkomst eventueel door de Zeitzeuge tot stand gebrachte kunstwerken, blijven auteursrechtelijk eigendom van Zeitzeuge, ongeacht of deze aan de cli\u00ebnt of aan derden ter hand zijn gesteld, tenzij anders is overeengekomen.<\/p>\n\n\n\n<p>8.4&nbsp;&nbsp;&nbsp;&nbsp; Alle door Zeitzeuge kunstwerken, zijn uitsluitend bestemd om door de cli\u00ebnt te worden gebruikt en mogen niet door hem zonder voorafgaande toestemming van Zeitzeuge en worden verveelvoudigd, openbaar gemaakt of ter kennis van derden worden gebracht, tenzij uit de aard van de verstrekte stukken anders voortvloeit.<\/p>\n\n\n\n<p>8.5&nbsp;&nbsp;&nbsp;&nbsp; Bij niet nakoming van het bovenstaande behoudt Zeitzeuge het recht om nadere juridische stappen te ondernemen en\/of schadevergoeding te eisen.<\/p>\n\n\n\n<p>8.6 &nbsp; &nbsp; Zeitzeuge garandeert dat de aan de Cli\u00ebnt geleverde zaken geen inbreuk maken op enig intellectueel en\/of industrieel eigendomsrecht van derden.<\/p>\n\n\n\n<p><strong>Artikel 9- Opschorting en ontbinding<\/strong><\/p>\n\n\n\n<p>9.1 &nbsp; &nbsp; Zeitzeuge is bevoegd de nakoming van de verplichtingen op te schorten of de overeenkomst te ontbinden, indien:<\/p>\n\n\n\n<p>\u2013&nbsp; De cli\u00ebnt de verplichtingen uit de overeenkomst niet of niet volledig nakomt.<\/p>\n\n\n\n<p>\u2013&nbsp; Na het sluiten van de overeenkomst Zeitzeuge en ter kennis gekomen omstandigheden goede grond geven te vrezen dat de cli\u00ebnt de verplichtingen niet zal nakomen. In geval er goede grond bestaat te vrezen dat de cli\u00ebnt slechts gedeeltelijk of niet behoorlijk zal nakomen, is de opschorting slechts toegelaten voor zover de tekortkoming haar rechtvaardigt.<\/p>\n\n\n\n<p>\u2013&nbsp; de cli\u00ebnt bij het sluiten van de overeenkomst verzocht is zekerheid te stellen voor de voldoening van zijn verplichtingen uit de overeenkomst en deze zekerheid uitblijft of onvoldoende is.<\/p>\n\n\n\n<p>9.2&nbsp;&nbsp;&nbsp;&nbsp; Voorts is Zeitzeuge bevoegd de overeenkomst te (doen) ontbinden indien zich omstandigheden voordoen welke van dien aard zijn dat nakoming van de overeenkomst onmogelijk of naar maatstaven van redelijkheid en billijkheid niet langer kan worden gevergd dan wel indien zich anderszins omstandigheden voordoen welke van dien aard zijn dat ongewijzigde instandhouding van de overeenkomst in redelijkheid niet mag worden verwacht.<\/p>\n\n\n\n<p>9.3&nbsp;&nbsp;&nbsp;&nbsp; Indien de overeenkomst wordt ontbonden zijn de vorderingen van Zeitzeuge op de cli\u00ebnt onmiddellijk opeisbaar. Indien Zeitzeuge de nakoming van de verplichtingen opschort, behoudt hij zijn aanspraken uit de wet en overeenkomst.<\/p>\n\n\n\n<p>9.4 &nbsp; &nbsp; Zeitzeuge behoudt steeds de recht schadevergoeding te vorderen.<\/p>\n\n\n\n<p><strong>Artikel 10 Bestellingen\/ communicatie<br><\/strong>Zeitzeuge is op geen enkele manier aansprakelijk voor misverstanden, beschadigingen, vertragingen of niet duidelijk overkomen van bestellingen en mededelingen ten gevolge van het gebruik van internet of enig ander communicatiemiddel in het verkeer tussen de Cli\u00ebnt en Zeitzeuge, dan wel tussen Zeitzeuge en derden, voor zover betrekking hebbend op de relatie tussen de Cli\u00ebnt en Zeitzeuge.<\/p>\n\n\n\n<p><strong>Artikel 11 \u2013 Klachten&nbsp;<\/strong><\/p>\n\n\n\n<p>11.1&nbsp;&nbsp; Alle klachten in verband met de levering, kwaliteit, hoedanigheid van het kunstwerk of iedere andere klacht, zullen door Zeitzeuge serieus in behandeling worden genomen.<\/p>\n\n\n\n<p>11.2&nbsp;&nbsp; De Cli\u00ebnt dient een klacht kenbaar te maken bij Zeitzeuge (zie daarvoor nader in artikel 12 van deze voorwaarden).<\/p>\n\n\n\n<p>11.3 &nbsp; Zeitzeuge zal binnen tien (10) werkdagen de klacht proberen op te lossen. Zeitzeuge zal de Cli\u00ebnt hierover schriftelijk (via brief of e-mail) berichten.<\/p>\n\n\n\n<p><strong>Artikel 12 \u2013 Persoonsgegevens<\/strong><\/p>\n\n\n\n<p>12.1&nbsp;&nbsp; Door de Cli\u00ebnt ingevoerde persoonlijke gegevens zullen worden opgenomen in een bestand. Deze gegevens zullen worden gebruikt voor de uitvoering van de bestelling van de Cli\u00ebnt.<\/p>\n\n\n\n<p>12.2&nbsp;&nbsp; Tenzij de Cli\u00ebnt heeft aangegeven dat de Cli\u00ebnt hier geen prijs op stelt, zullen de gegevens van de Cli\u00ebnt worden opgenomen in een centraal bestand van Zeitzeuge. Deze gegevens zullen worden gebruikt om de Cli\u00ebnt volledig up-to-date te houden wat betreft de zaken en diensten van Zeitzeuge. De verwerking van de gegevens van de Cli\u00ebnt zal geschieden in overeenstemming met de toepasselijke wet- en regelgeving.<\/p>\n\n\n\n<p>12.3&nbsp;&nbsp; De Cli\u00ebnt kan desgewenst inzage verkrijgen in de gegevens die door Zeitzeuge over de persoon van de Cli\u00ebnt worden opgenomen in het bestand van Zeitzeuge. De Cli\u00ebnt is gerechtigd wijziging van de gegevens te verlangen, indien deze gegevens niet correct zijn.<\/p>\n\n\n\n<p><strong>Artikel 13 \u2013 Afdeling Klantenservice van Zeitzeuge<\/strong><br>Alle correspondentie op basis van deze Algemene Voorwaarden vindt plaats met&nbsp;Zeitzeuge,<\/p>\n\n\n\n<p><strong>Zeitzeuge <\/strong>\/<strong> horst4dsign<\/strong><\/p>\n\n\n\n<p>t.a.v. Horst Gr\u00fctering<br>Surinamekade 8<br>1019 BV Amsterdam<\/p>\n\n\n\n<p>Telefoonnummer: (06) 21 50 81 91<br>E-mailadres:&nbsp;<strong>info@zeitzeuge.nl<\/strong><\/p>\n\n\n\n<p>BTW nummer: NL001602492 B90<br>horst4dsign is ingeschreven onder nummer&nbsp;<strong>50348086<\/strong>&nbsp;bij de Kamer van Koophandel van Amsterdam.<\/p>\n\n\n\n<p>Amsterdam, 22 maart 2023<\/p>\n","protected":false},"excerpt":{"rendered":"<p>Artikel 1 \u2013 DEFINITIES&nbsp; In deze Algemene Voorwaarden wordt verstaan onder: \u2013 Aanbieder: Zeitzeuge&nbsp; \u2013&nbsp; Cli\u00ebnt: de (potenti\u00eble) Cli\u00ebnt van zaken en\/of diensten van Zeitzeuge, dit kan zowel een priv\u00e9persoon als een rechtspersoon zijn; \u2013&nbsp; Orderbevestiging\/factuur: De orderbevestiging\/factuur zoals beschreven in artikel 4.2. \u2013&nbsp; Algemene Voorwaarden: deze Algemene Voorwaarden. Artikel 2 \u2013 Algemeen2.1&nbsp;&nbsp;&nbsp;&nbsp; Tenzij uitdrukkelijk [&hellip;]<\/p>\n","protected":false},"author":1,"featured_media":0,"parent":0,"menu_order":0,"comment_status":"closed","ping_status":"closed","template":"","meta":{"footnotes":""},"class_list":["post-9","page","type-page","status-publish","hentry"],"blocksy_meta":{"has_hero_section":"enabled","hero_section":"type-1","hero_elements":[{"id":"custom_title","enabled":true,"heading_tag":"h1","title":"Home","__id":"-KsrvY5zja5ii2plNSYmw"},{"id":"custom_description","enabled":false,"description_visibility":{"desktop":true,"tablet":true,"mobile":false},"__id":"IHdhmC_bvBZEJOlYGOZ3p"},{"id":"custom_meta","enabled":false,"meta_elements":[{"id":"author","enabled":true,"label":"Door","has_author_avatar":"yes","avatar_size":25},{"id":"post_date","enabled":true,"label":"Op","date_format_source":"default","date_format":"M j, Y"},{"id":"updated_date","enabled":false,"label":"Op","date_format_source":"default","date_format":"M j, Y"},{"id":"categories","enabled":false,"label":"In","style":"simple"},{"id":"comments","enabled":true}],"page_meta_elements":{"joined":true,"articles_count":true,"comments":true},"__id":"4RKh_HsMZ8pX-2m3ctFe7"},{"id":"breadcrumbs","enabled":false,"__id":"7DzJihiVXJ96iw83QWOsk"}],"styles_descriptor":{"styles":{"desktop":"[data-prefix=\"single_page\"] .entry-header .page-title {--theme-font-size:30px;} [data-prefix=\"single_page\"] .entry-header .entry-meta {--theme-font-weight:600;--theme-text-transform:uppercase;--theme-font-size:12px;--theme-line-height:1.3;}","tablet":"","mobile":""},"google_fonts":[],"version":6}},"yoast_head":"<!-- This site is optimized with the Yoast SEO plugin v27.4 - https:\/\/yoast.com\/product\/yoast-seo-wordpress\/ -->\n<title>Algemene voorwaarden<\/title>\n<meta name=\"robots\" content=\"index, follow, max-snippet:-1, max-image-preview:large, max-video-preview:-1\" \/>\n<link rel=\"canonical\" href=\"https:\/\/zeitzeuge.nl\/eng\/algemene-voorwaarden\/\" \/>\n<meta property=\"og:locale\" content=\"en_GB\" \/>\n<meta property=\"og:locale:alternate\" content=\"nl_NL\" \/>\n<meta property=\"og:locale:alternate\" content=\"de_DE\" \/>\n<meta property=\"og:type\" content=\"article\" \/>\n<meta property=\"og:title\" content=\"Algemene voorwaarden\" \/>\n<meta property=\"og:description\" content=\"Artikel 1 \u2013 DEFINITIES&nbsp; In deze Algemene Voorwaarden wordt verstaan onder: \u2013 Aanbieder: Zeitzeuge&nbsp; \u2013&nbsp; Cli\u00ebnt: de (potenti\u00eble) Cli\u00ebnt van zaken en\/of diensten van Zeitzeuge, dit kan zowel een priv\u00e9persoon als een rechtspersoon zijn; \u2013&nbsp; Orderbevestiging\/factuur: De orderbevestiging\/factuur zoals beschreven in artikel 4.2. \u2013&nbsp; Algemene Voorwaarden: deze Algemene Voorwaarden. Artikel 2 \u2013 Algemeen2.1&nbsp;&nbsp;&nbsp;&nbsp; Tenzij uitdrukkelijk [&hellip;]\" \/>\n<meta property=\"og:url\" content=\"https:\/\/zeitzeuge.nl\/eng\/algemene-voorwaarden\/\" \/>\n<meta property=\"og:site_name\" content=\"zeitzeuge - jewellery for men\" \/>\n<meta property=\"article:modified_time\" content=\"2023-04-04T12:47:37+00:00\" \/>\n<meta name=\"twitter:card\" content=\"summary_large_image\" \/>\n<meta name=\"twitter:label1\" content=\"Estimated reading time\" \/>\n\t<meta name=\"twitter:data1\" content=\"11 minutes\" \/>\n<script type=\"application\/ld+json\" class=\"yoast-schema-graph\">{\"@context\":\"https:\\\/\\\/schema.org\",\"@graph\":[{\"@type\":\"WebPage\",\"@id\":\"https:\\\/\\\/zeitzeuge.nl\\\/algemene-voorwaarden\\\/\",\"url\":\"https:\\\/\\\/zeitzeuge.nl\\\/algemene-voorwaarden\\\/\",\"name\":\"Algemene voorwaarden\",\"isPartOf\":{\"@id\":\"https:\\\/\\\/zeitzeuge.nl\\\/#website\"},\"datePublished\":\"2023-04-04T12:46:50+00:00\",\"dateModified\":\"2023-04-04T12:47:37+00:00\",\"breadcrumb\":{\"@id\":\"https:\\\/\\\/zeitzeuge.nl\\\/algemene-voorwaarden\\\/#breadcrumb\"},\"inLanguage\":\"en-GB\",\"potentialAction\":[{\"@type\":\"ReadAction\",\"target\":[\"https:\\\/\\\/zeitzeuge.nl\\\/algemene-voorwaarden\\\/\"]}]},{\"@type\":\"BreadcrumbList\",\"@id\":\"https:\\\/\\\/zeitzeuge.nl\\\/algemene-voorwaarden\\\/#breadcrumb\",\"itemListElement\":[{\"@type\":\"ListItem\",\"position\":1,\"name\":\"Home\",\"item\":\"https:\\\/\\\/zeitzeuge.nl\\\/\"},{\"@type\":\"ListItem\",\"position\":2,\"name\":\"Algemene voorwaarden\"}]},{\"@type\":\"WebSite\",\"@id\":\"https:\\\/\\\/zeitzeuge.nl\\\/#website\",\"url\":\"https:\\\/\\\/zeitzeuge.nl\\\/\",\"name\":\"zeitzeuge - jewellery for men\",\"description\":\"exclusive handmade technical jewellery\",\"publisher\":{\"@id\":\"https:\\\/\\\/zeitzeuge.nl\\\/#organization\"},\"potentialAction\":[{\"@type\":\"SearchAction\",\"target\":{\"@type\":\"EntryPoint\",\"urlTemplate\":\"https:\\\/\\\/zeitzeuge.nl\\\/?s={search_term_string}\"},\"query-input\":{\"@type\":\"PropertyValueSpecification\",\"valueRequired\":true,\"valueName\":\"search_term_string\"}}],\"inLanguage\":\"en-GB\"},{\"@type\":\"Organization\",\"@id\":\"https:\\\/\\\/zeitzeuge.nl\\\/#organization\",\"name\":\"zeitzeuge - jewellery for men\",\"url\":\"https:\\\/\\\/zeitzeuge.nl\\\/\",\"logo\":{\"@type\":\"ImageObject\",\"inLanguage\":\"en-GB\",\"@id\":\"https:\\\/\\\/zeitzeuge.nl\\\/#\\\/schema\\\/logo\\\/image\\\/\",\"url\":\"https:\\\/\\\/zeitzeuge.nl\\\/wp-content\\\/uploads\\\/2022\\\/03\\\/zeitzeuge1.jpg\",\"contentUrl\":\"https:\\\/\\\/zeitzeuge.nl\\\/wp-content\\\/uploads\\\/2022\\\/03\\\/zeitzeuge1.jpg\",\"width\":1000,\"height\":976,\"caption\":\"zeitzeuge - jewellery for men\"},\"image\":{\"@id\":\"https:\\\/\\\/zeitzeuge.nl\\\/#\\\/schema\\\/logo\\\/image\\\/\"}}]}<\/script>\n<!-- \/ Yoast SEO plugin. -->","yoast_head_json":{"title":"Algemene voorwaarden","robots":{"index":"index","follow":"follow","max-snippet":"max-snippet:-1","max-image-preview":"max-image-preview:large","max-video-preview":"max-video-preview:-1"},"canonical":"https:\/\/zeitzeuge.nl\/eng\/algemene-voorwaarden\/","og_locale":"en_GB","og_type":"article","og_title":"[:nl]Algemene voorwaarden[:] - zeitzeuge - jewellery for men","og_description":"Artikel 1 \u2013 DEFINITIES&nbsp; In deze Algemene Voorwaarden wordt verstaan onder: \u2013 Aanbieder: Zeitzeuge&nbsp; \u2013&nbsp; Cli\u00ebnt: de (potenti\u00eble) Cli\u00ebnt van zaken en\/of diensten van Zeitzeuge, dit kan zowel een priv\u00e9persoon als een rechtspersoon zijn; \u2013&nbsp; Orderbevestiging\/factuur: De orderbevestiging\/factuur zoals beschreven in artikel 4.2. \u2013&nbsp; Algemene Voorwaarden: deze Algemene Voorwaarden. Artikel 2 \u2013 Algemeen2.1&nbsp;&nbsp;&nbsp;&nbsp; Tenzij uitdrukkelijk [&hellip;]","og_url":"https:\/\/zeitzeuge.nl\/eng\/algemene-voorwaarden\/","og_site_name":"zeitzeuge - jewellery for men","article_modified_time":"2023-04-04T12:47:37+00:00","twitter_card":"summary_large_image","twitter_misc":{"Estimated reading time":"11 minutes"},"schema":{"@context":"https:\/\/schema.org","@graph":[{"@type":"WebPage","@id":"https:\/\/zeitzeuge.nl\/algemene-voorwaarden\/","url":"https:\/\/zeitzeuge.nl\/algemene-voorwaarden\/","name":"Algemene voorwaarden","isPartOf":{"@id":"https:\/\/zeitzeuge.nl\/#website"},"datePublished":"2023-04-04T12:46:50+00:00","dateModified":"2023-04-04T12:47:37+00:00","breadcrumb":{"@id":"https:\/\/zeitzeuge.nl\/algemene-voorwaarden\/#breadcrumb"},"inLanguage":"en-GB","potentialAction":[{"@type":"ReadAction","target":["https:\/\/zeitzeuge.nl\/algemene-voorwaarden\/"]}]},{"@type":"BreadcrumbList","@id":"https:\/\/zeitzeuge.nl\/algemene-voorwaarden\/#breadcrumb","itemListElement":[{"@type":"ListItem","position":1,"name":"Home","item":"https:\/\/zeitzeuge.nl\/"},{"@type":"ListItem","position":2,"name":"Algemene voorwaarden"}]},{"@type":"WebSite","@id":"https:\/\/zeitzeuge.nl\/#website","url":"https:\/\/zeitzeuge.nl\/","name":"zeitzeuge - jewellery for men","description":"exclusive handmade technical jewellery","publisher":{"@id":"https:\/\/zeitzeuge.nl\/#organization"},"potentialAction":[{"@type":"SearchAction","target":{"@type":"EntryPoint","urlTemplate":"https:\/\/zeitzeuge.nl\/?s={search_term_string}"},"query-input":{"@type":"PropertyValueSpecification","valueRequired":true,"valueName":"search_term_string"}}],"inLanguage":"en-GB"},{"@type":"Organization","@id":"https:\/\/zeitzeuge.nl\/#organization","name":"zeitzeuge - jewellery for men","url":"https:\/\/zeitzeuge.nl\/","logo":{"@type":"ImageObject","inLanguage":"en-GB","@id":"https:\/\/zeitzeuge.nl\/#\/schema\/logo\/image\/","url":"https:\/\/zeitzeuge.nl\/wp-content\/uploads\/2022\/03\/zeitzeuge1.jpg","contentUrl":"https:\/\/zeitzeuge.nl\/wp-content\/uploads\/2022\/03\/zeitzeuge1.jpg","width":1000,"height":976,"caption":"zeitzeuge - jewellery for men"},"image":{"@id":"https:\/\/zeitzeuge.nl\/#\/schema\/logo\/image\/"}}]}},"_links":{"self":[{"href":"https:\/\/zeitzeuge.nl\/eng\/wp-json\/wp\/v2\/pages\/9","targetHints":{"allow":["GET"]}}],"collection":[{"href":"https:\/\/zeitzeuge.nl\/eng\/wp-json\/wp\/v2\/pages"}],"about":[{"href":"https:\/\/zeitzeuge.nl\/eng\/wp-json\/wp\/v2\/types\/page"}],"author":[{"embeddable":true,"href":"https:\/\/zeitzeuge.nl\/eng\/wp-json\/wp\/v2\/users\/1"}],"replies":[{"embeddable":true,"href":"https:\/\/zeitzeuge.nl\/eng\/wp-json\/wp\/v2\/comments?post=9"}],"version-history":[{"count":1,"href":"https:\/\/zeitzeuge.nl\/eng\/wp-json\/wp\/v2\/pages\/9\/revisions"}],"predecessor-version":[{"id":685,"href":"https:\/\/zeitzeuge.nl\/eng\/wp-json\/wp\/v2\/pages\/9\/revisions\/685"}],"wp:attachment":[{"href":"https:\/\/zeitzeuge.nl\/eng\/wp-json\/wp\/v2\/media?parent=9"}],"curies":[{"name":"wp","href":"https:\/\/api.w.org\/{rel}","templated":true}]}}