{"id":320,"date":"2022-09-20T10:38:44","date_gmt":"2022-09-20T10:38:44","guid":{"rendered":"https:\/\/zeitzeuge.nl\/?post_type=product&#038;p=320"},"modified":"2023-03-21T18:47:31","modified_gmt":"2023-03-21T18:47:31","slug":"zeitzeuge-11","status":"publish","type":"product","link":"https:\/\/zeitzeuge.nl\/de\/product\/zeitzeuge-11\/","title":{"rendered":"ZeitZeuge 11"},"content":{"rendered":"","protected":false},"excerpt":{"rendered":"<p>HD-stator, Tigerauge, Federstahl<br \/>\n\u00f8 26 mm<\/p>\n<p>Alle Schmuckst\u00fccke werden mit einem Lederband von \u00f8 2,5 mm geliefert, sofern nicht anders angegeben.<\/p>\n<p><strong><em>Ausverkauft?<\/em><\/strong><br \/>\n<em>Nehmen Sie Kontakt mit uns auf: <a href=\"mailto:info@zeitzeuge.nl\" target=\"_blank\" rel=\"noopener\"><strong>info@zeitzeuge.nl<\/strong><\/a>, um ein vergleichbares Model f\u00fcr Sie anzufertigen.<\/em><\/p>\n","protected":false},"featured_media":321,"template":"","meta":[],"product_brand":[],"product_cat":[42],"product_tag":[],"class_list":{"0":"post-320","1":"product","2":"type-product","3":"status-publish","4":"has-post-thumbnail","6":"product_cat-statics","7":"product_shipping_class-aangetekend-pakket-nl","9":"first","10":"instock","11":"sold-individually","12":"taxable","13":"shipping-taxable","14":"purchasable","15":"product-type-simple"},"yoast_head":"<!-- This site is optimized with the Yoast SEO plugin v27.4 - https:\/\/yoast.com\/product\/yoast-seo-wordpress\/ -->\n<title>ZeitZeuge 11<\/title>\n<meta name=\"robots\" content=\"index, follow, max-snippet:-1, max-image-preview:large, max-video-preview:-1\" \/>\n<link rel=\"canonical\" href=\"https:\/\/zeitzeuge.nl\/de\/product\/zeitzeuge-11\/\" \/>\n<meta property=\"og:locale\" content=\"de_DE\" \/>\n<meta property=\"og:locale:alternate\" content=\"nl_NL\" \/>\n<meta property=\"og:locale:alternate\" content=\"eng_ENG\" \/>\n<meta property=\"og:type\" content=\"article\" \/>\n<meta property=\"og:title\" content=\"ZeitZeuge 11\" \/>\n<meta property=\"og:description\" content=\"HD-stator, Tigerauge, Federstahl \u00f8 26 mm  Alle Schmuckst\u00fccke werden mit einem Lederband von \u00f8 2,5 mm geliefert, sofern nicht anders angegeben.  Ausverkauft? Nehmen Sie Kontakt mit uns auf: info@zeitzeuge.nl, um ein vergleichbares Model f\u00fcr Sie anzufertigen.\" \/>\n<meta property=\"og:url\" content=\"https:\/\/zeitzeuge.nl\/de\/product\/zeitzeuge-11\/\" \/>\n<meta property=\"og:site_name\" content=\"zeitzeuge - jewellery for men\" \/>\n<meta property=\"article:modified_time\" content=\"2023-03-21T18:47:31+00:00\" \/>\n<meta property=\"og:image\" content=\"https:\/\/zeitzeuge.nl\/wp-content\/uploads\/2022\/09\/IMG_3066-1024x768.png\" \/>\n\t<meta property=\"og:image:width\" content=\"1024\" \/>\n\t<meta property=\"og:image:height\" content=\"768\" \/>\n\t<meta property=\"og:image:type\" content=\"image\/png\" \/>\n<meta name=\"twitter:card\" content=\"summary_large_image\" \/>\n<script type=\"application\/ld+json\" class=\"yoast-schema-graph\">{\"@context\":\"https:\\\/\\\/schema.org\",\"@graph\":[{\"@type\":\"WebPage\",\"@id\":\"https:\\\/\\\/zeitzeuge.nl\\\/product\\\/zeitzeuge-11\\\/\",\"url\":\"https:\\\/\\\/zeitzeuge.nl\\\/product\\\/zeitzeuge-11\\\/\",\"name\":\"ZeitZeuge 11\",\"isPartOf\":{\"@id\":\"https:\\\/\\\/zeitzeuge.nl\\\/#website\"},\"primaryImageOfPage\":{\"@id\":\"https:\\\/\\\/zeitzeuge.nl\\\/product\\\/zeitzeuge-11\\\/#primaryimage\"},\"image\":{\"@id\":\"https:\\\/\\\/zeitzeuge.nl\\\/product\\\/zeitzeuge-11\\\/#primaryimage\"},\"thumbnailUrl\":\"https:\\\/\\\/zeitzeuge.nl\\\/wp-content\\\/uploads\\\/2022\\\/09\\\/IMG_3066.png\",\"datePublished\":\"2022-09-20T10:38:44+00:00\",\"dateModified\":\"2023-03-21T18:47:31+00:00\",\"breadcrumb\":{\"@id\":\"https:\\\/\\\/zeitzeuge.nl\\\/product\\\/zeitzeuge-11\\\/#breadcrumb\"},\"inLanguage\":\"de-DE\",\"potentialAction\":[{\"@type\":\"ReadAction\",\"target\":[\"https:\\\/\\\/zeitzeuge.nl\\\/product\\\/zeitzeuge-11\\\/\"]}]},{\"@type\":\"ImageObject\",\"inLanguage\":\"de-DE\",\"@id\":\"https:\\\/\\\/zeitzeuge.nl\\\/product\\\/zeitzeuge-11\\\/#primaryimage\",\"url\":\"https:\\\/\\\/zeitzeuge.nl\\\/wp-content\\\/uploads\\\/2022\\\/09\\\/IMG_3066.png\",\"contentUrl\":\"https:\\\/\\\/zeitzeuge.nl\\\/wp-content\\\/uploads\\\/2022\\\/09\\\/IMG_3066.png\",\"width\":1333,\"height\":1000},{\"@type\":\"BreadcrumbList\",\"@id\":\"https:\\\/\\\/zeitzeuge.nl\\\/product\\\/zeitzeuge-11\\\/#breadcrumb\",\"itemListElement\":[{\"@type\":\"ListItem\",\"position\":1,\"name\":\"Home\",\"item\":\"https:\\\/\\\/zeitzeuge.nl\\\/\"},{\"@type\":\"ListItem\",\"position\":2,\"name\":\"Webshop\",\"item\":\"https:\\\/\\\/zeitzeuge.nl\\\/winkel\\\/\"},{\"@type\":\"ListItem\",\"position\":3,\"name\":\"ZeitZeuge 11\"}]},{\"@type\":\"WebSite\",\"@id\":\"https:\\\/\\\/zeitzeuge.nl\\\/#website\",\"url\":\"https:\\\/\\\/zeitzeuge.nl\\\/\",\"name\":\"zeitzeuge - jewellery for men\",\"description\":\"exclusive handmade technical jewellery\",\"publisher\":{\"@id\":\"https:\\\/\\\/zeitzeuge.nl\\\/#organization\"},\"potentialAction\":[{\"@type\":\"SearchAction\",\"target\":{\"@type\":\"EntryPoint\",\"urlTemplate\":\"https:\\\/\\\/zeitzeuge.nl\\\/?s={search_term_string}\"},\"query-input\":{\"@type\":\"PropertyValueSpecification\",\"valueRequired\":true,\"valueName\":\"search_term_string\"}}],\"inLanguage\":\"de-DE\"},{\"@type\":\"Organization\",\"@id\":\"https:\\\/\\\/zeitzeuge.nl\\\/#organization\",\"name\":\"zeitzeuge - jewellery for men\",\"url\":\"https:\\\/\\\/zeitzeuge.nl\\\/\",\"logo\":{\"@type\":\"ImageObject\",\"inLanguage\":\"de-DE\",\"@id\":\"https:\\\/\\\/zeitzeuge.nl\\\/#\\\/schema\\\/logo\\\/image\\\/\",\"url\":\"https:\\\/\\\/zeitzeuge.nl\\\/wp-content\\\/uploads\\\/2022\\\/03\\\/zeitzeuge1.jpg\",\"contentUrl\":\"https:\\\/\\\/zeitzeuge.nl\\\/wp-content\\\/uploads\\\/2022\\\/03\\\/zeitzeuge1.jpg\",\"width\":1000,\"height\":976,\"caption\":\"zeitzeuge - jewellery for men\"},\"image\":{\"@id\":\"https:\\\/\\\/zeitzeuge.nl\\\/#\\\/schema\\\/logo\\\/image\\\/\"}}]}<\/script>\n<!-- \/ Yoast SEO plugin. -->","yoast_head_json":{"title":"ZeitZeuge 11","robots":{"index":"index","follow":"follow","max-snippet":"max-snippet:-1","max-image-preview":"max-image-preview:large","max-video-preview":"max-video-preview:-1"},"canonical":"https:\/\/zeitzeuge.nl\/de\/product\/zeitzeuge-11\/","og_locale":"de_DE","og_type":"article","og_title":"[:nl]ZeitZeuge 11[:eng]ZeitZeuge 11[:de]ZeitZeuge 11[:] - zeitzeuge - jewellery for men","og_description":"HD-stator, Tigerauge, Federstahl \u00f8 26 mm  Alle Schmuckst\u00fccke werden mit einem Lederband von \u00f8 2,5 mm geliefert, sofern nicht anders angegeben.  Ausverkauft? Nehmen Sie Kontakt mit uns auf: info@zeitzeuge.nl, um ein vergleichbares Model f\u00fcr Sie anzufertigen.","og_url":"https:\/\/zeitzeuge.nl\/de\/product\/zeitzeuge-11\/","og_site_name":"zeitzeuge - jewellery for men","article_modified_time":"2023-03-21T18:47:31+00:00","og_image":[{"width":1024,"height":768,"url":"https:\/\/zeitzeuge.nl\/wp-content\/uploads\/2022\/09\/IMG_3066-1024x768.png","type":"image\/png"}],"twitter_card":"summary_large_image","schema":{"@context":"https:\/\/schema.org","@graph":[{"@type":"WebPage","@id":"https:\/\/zeitzeuge.nl\/product\/zeitzeuge-11\/","url":"https:\/\/zeitzeuge.nl\/product\/zeitzeuge-11\/","name":"ZeitZeuge 11","isPartOf":{"@id":"https:\/\/zeitzeuge.nl\/#website"},"primaryImageOfPage":{"@id":"https:\/\/zeitzeuge.nl\/product\/zeitzeuge-11\/#primaryimage"},"image":{"@id":"https:\/\/zeitzeuge.nl\/product\/zeitzeuge-11\/#primaryimage"},"thumbnailUrl":"https:\/\/zeitzeuge.nl\/wp-content\/uploads\/2022\/09\/IMG_3066.png","datePublished":"2022-09-20T10:38:44+00:00","dateModified":"2023-03-21T18:47:31+00:00","breadcrumb":{"@id":"https:\/\/zeitzeuge.nl\/product\/zeitzeuge-11\/#breadcrumb"},"inLanguage":"de-DE","potentialAction":[{"@type":"ReadAction","target":["https:\/\/zeitzeuge.nl\/product\/zeitzeuge-11\/"]}]},{"@type":"ImageObject","inLanguage":"de-DE","@id":"https:\/\/zeitzeuge.nl\/product\/zeitzeuge-11\/#primaryimage","url":"https:\/\/zeitzeuge.nl\/wp-content\/uploads\/2022\/09\/IMG_3066.png","contentUrl":"https:\/\/zeitzeuge.nl\/wp-content\/uploads\/2022\/09\/IMG_3066.png","width":1333,"height":1000},{"@type":"BreadcrumbList","@id":"https:\/\/zeitzeuge.nl\/product\/zeitzeuge-11\/#breadcrumb","itemListElement":[{"@type":"ListItem","position":1,"name":"Home","item":"https:\/\/zeitzeuge.nl\/"},{"@type":"ListItem","position":2,"name":"Webshop","item":"https:\/\/zeitzeuge.nl\/winkel\/"},{"@type":"ListItem","position":3,"name":"ZeitZeuge 11"}]},{"@type":"WebSite","@id":"https:\/\/zeitzeuge.nl\/#website","url":"https:\/\/zeitzeuge.nl\/","name":"zeitzeuge - jewellery for men","description":"exclusive handmade technical jewellery","publisher":{"@id":"https:\/\/zeitzeuge.nl\/#organization"},"potentialAction":[{"@type":"SearchAction","target":{"@type":"EntryPoint","urlTemplate":"https:\/\/zeitzeuge.nl\/?s={search_term_string}"},"query-input":{"@type":"PropertyValueSpecification","valueRequired":true,"valueName":"search_term_string"}}],"inLanguage":"de-DE"},{"@type":"Organization","@id":"https:\/\/zeitzeuge.nl\/#organization","name":"zeitzeuge - jewellery for men","url":"https:\/\/zeitzeuge.nl\/","logo":{"@type":"ImageObject","inLanguage":"de-DE","@id":"https:\/\/zeitzeuge.nl\/#\/schema\/logo\/image\/","url":"https:\/\/zeitzeuge.nl\/wp-content\/uploads\/2022\/03\/zeitzeuge1.jpg","contentUrl":"https:\/\/zeitzeuge.nl\/wp-content\/uploads\/2022\/03\/zeitzeuge1.jpg","width":1000,"height":976,"caption":"zeitzeuge - jewellery for men"},"image":{"@id":"https:\/\/zeitzeuge.nl\/#\/schema\/logo\/image\/"}}]}},"_links":{"self":[{"href":"https:\/\/zeitzeuge.nl\/de\/wp-json\/wp\/v2\/product\/320","targetHints":{"allow":["GET"]}}],"collection":[{"href":"https:\/\/zeitzeuge.nl\/de\/wp-json\/wp\/v2\/product"}],"about":[{"href":"https:\/\/zeitzeuge.nl\/de\/wp-json\/wp\/v2\/types\/product"}],"wp:featuredmedia":[{"embeddable":true,"href":"https:\/\/zeitzeuge.nl\/de\/wp-json\/wp\/v2\/media\/321"}],"wp:attachment":[{"href":"https:\/\/zeitzeuge.nl\/de\/wp-json\/wp\/v2\/media?parent=320"}],"wp:term":[{"taxonomy":"product_brand","embeddable":true,"href":"https:\/\/zeitzeuge.nl\/de\/wp-json\/wp\/v2\/product_brand?post=320"},{"taxonomy":"product_cat","embeddable":true,"href":"https:\/\/zeitzeuge.nl\/de\/wp-json\/wp\/v2\/product_cat?post=320"},{"taxonomy":"product_tag","embeddable":true,"href":"https:\/\/zeitzeuge.nl\/de\/wp-json\/wp\/v2\/product_tag?post=320"}],"curies":[{"name":"wp","href":"https:\/\/api.w.org\/{rel}","templated":true}]}}