{"id":110,"date":"2022-04-23T17:42:42","date_gmt":"2022-04-23T17:42:42","guid":{"rendered":"https:\/\/zeitzeuge.nl\/?page_id=110"},"modified":"2023-09-08T11:42:36","modified_gmt":"2023-09-08T11:42:36","slug":"zeitzeuge-sieraden-voor-mannen-eigen-en-anders-ook-voor-vrouwen","status":"publish","type":"page","link":"https:\/\/zeitzeuge.nl\/de\/","title":{"rendered":"Home"},"content":{"rendered":"\n\n\n\n\n<p>ZeitZeuge: technische Schmuckst\u00fccke aus einer vergangenen Zeit<br><br>Schmuckst\u00fccke aus Relikten einer l\u00e4ngst vergangenen Zeit:<br>Linotype Matrizen &#8211; ausrangierte Armbanduhren &#8211; Uhrwerke<br>allerlei Elektronikschrott wie Festplatten und Spulen etc.<br><br>Schmuck f\u00fcr M\u00e4nner &#8211; eigensinnig und anders&#8230; auch f\u00fcr Frauen<br><br>entstanden aus meiner Faszination f\u00fcr Pr\u00e4zision und Detailreichtum technischer Kleinteile und derer besonderen Anmut und \u00c4sthetik<br><br>tragbare Kunstobjekte mit &#8222;Bewegung&#8220;<br>&#8230; es gibt dabei (fast) immer ein Teil das sich bewegt!<br><\/p>\n","protected":false},"excerpt":{"rendered":"<p>ZeitZeuge: technische Schmuckst\u00fccke aus einer vergangenen Zeit Schmuckst\u00fccke aus Relikten einer l\u00e4ngst vergangenen Zeit:Linotype Matrizen &#8211; ausrangierte Armbanduhren &#8211; Uhrwerkeallerlei Elektronikschrott wie Festplatten und Spulen etc. Schmuck f\u00fcr M\u00e4nner &#8211; eigensinnig und anders&#8230; auch f\u00fcr Frauen entstanden aus meiner Faszination f\u00fcr Pr\u00e4zision und Detailreichtum technischer Kleinteile und derer besonderen Anmut und \u00c4sthetik tragbare Kunstobjekte mit [&hellip;]<\/p>\n","protected":false},"author":2,"featured_media":0,"parent":0,"menu_order":0,"comment_status":"closed","ping_status":"closed","template":"","meta":{"footnotes":""},"class_list":["post-110","page","type-page","status-publish","hentry"],"blocksy_meta":{"styles_descriptor":{"styles":{"desktop":"","tablet":"","mobile":""},"google_fonts":[],"version":6},"page_title_panel":"","has_hero_section":"disabled","2228a3a982536e9821792ef1a35a1a29":"","hero_section":"type-1","hero_elements":[{"id":"custom_title","enabled":true,"heading_tag":"h1","title":"Home"},{"id":"custom_description","enabled":true,"description_visibility":{"desktop":true,"tablet":true,"mobile":false}},{"id":"custom_meta","enabled":false,"meta_elements":[{"id":"author","enabled":true,"label":"Door","has_author_avatar":"yes","avatar_size":25},{"id":"post_date","enabled":true,"label":"Op","date_format_source":"default","date_format":"M j, Y"},{"id":"updated_date","enabled":false,"label":"Op","date_format_source":"default","date_format":"M j, Y"},{"id":"categories","enabled":false,"label":"In","style":"simple"},{"id":"comments","enabled":true}],"page_meta_elements":{"joined":true,"articles_count":true,"comments":true}},{"id":"breadcrumbs","enabled":false}],"db90b892b1c1ccbb4e9a72563f8e39b5":"","hero_alignment1":"CT_CSS_SKIP_RULE","hero_margin":40,"hero_alignment2":"center","hero_vertical_alignment":"center","e4188ddf6ee126159cda8423fcc94d4e":"","hero_structure":"narrow","0a3001d4cfed05e57d19b56d89cae6ee":"","page_title_bg_type":"featured_image","custom_hero_background":{"attachment_id":null},"page_title_image_size":"full","parallax":{"desktop":false,"tablet":false,"mobile":false},"247777b7fd74902e7c364d7a1f5a1a4c":"","hero_height":"250px","pageTitleFont":{"family":"Default","variation":"Default","size":"30px","line-height":"CT_CSS_SKIP_RULE","letter-spacing":"CT_CSS_SKIP_RULE","text-transform":"CT_CSS_SKIP_RULE","text-decoration":"CT_CSS_SKIP_RULE"},"pageTitleFontColor":{"default":{"color":"CT_CSS_SKIP_RULEDEFAULT"}},"pageMetaFont":{"family":"Default","variation":"n6","size":"12px","line-height":"1.3","letter-spacing":"CT_CSS_SKIP_RULE","text-transform":"uppercase","text-decoration":"CT_CSS_SKIP_RULE"},"pageMetaFontColor":{"default":{"color":"CT_CSS_SKIP_RULEDEFAULT"},"hover":{"color":"CT_CSS_SKIP_RULEDEFAULT"}},"page_meta_button_type_font_colors":{"default":{"color":"CT_CSS_SKIP_RULEDEFAULT"},"hover":{"color":"CT_CSS_SKIP_RULEDEFAULT"}},"page_meta_button_type_background_colors":{"default":{"color":"CT_CSS_SKIP_RULEDEFAULT"},"hover":{"color":"CT_CSS_SKIP_RULEDEFAULT"}},"pageExcerptFont":{"family":"Default","variation":"Default","size":"CT_CSS_SKIP_RULE","line-height":"CT_CSS_SKIP_RULE","letter-spacing":"CT_CSS_SKIP_RULE","text-transform":"CT_CSS_SKIP_RULE","text-decoration":"CT_CSS_SKIP_RULE"},"pageExcerptColor":{"default":{"color":"CT_CSS_SKIP_RULEDEFAULT"}},"breadcrumbsFont":{"family":"Default","variation":"Default","size":"CT_CSS_SKIP_RULE","line-height":"CT_CSS_SKIP_RULE","letter-spacing":"CT_CSS_SKIP_RULE","text-transform":"CT_CSS_SKIP_RULE","text-decoration":"CT_CSS_SKIP_RULE"},"breadcrumbsFontColor":{"default":{"color":"CT_CSS_SKIP_RULEDEFAULT"},"initial":{"color":"CT_CSS_SKIP_RULEDEFAULT"},"hover":{"color":"CT_CSS_SKIP_RULEDEFAULT"}},"pageTitleOverlay":{"background_type":"color","background_pattern":"type-1","background_image":{"attachment_id":null,"x":0,"y":0},"gradient":"linear-gradient(135deg,rgba(6,147,227,1) 0%,rgb(155,81,224) 100%)","background_repeat":"repeat","background_size":"auto","background_attachment":"scroll","patternColor":{"default":{"color":"#e5e7ea"}},"overlayColor":{"default":{"color":"CT_CSS_SKIP_RULE"}},"backgroundColor":{"default":{"color":"CT_CSS_SKIP_RULE"}}},"pageTitleBackground":{"background_type":"color","background_pattern":"type-1","background_image":{"attachment_id":null,"x":0,"y":0},"gradient":"linear-gradient(135deg,rgba(6,147,227,1) 0%,rgb(155,81,224) 100%)","background_repeat":"repeat","background_size":"auto","background_attachment":"scroll","patternColor":{"default":{"color":"#e5e7ea"}},"overlayColor":{"default":{"color":"CT_CSS_SKIP_RULE"}},"backgroundColor":{"default":{"color":"var(--theme-palette-color-6)"}}},"pageTitlePadding":{"top":"50px","bottom":"50px","left":"auto","right":"auto","linked":true},"a900d663c499cffa624461c2e3a1bcc0":"","page_structure_type":"default","f3334c88e8e68205f302ce6426ee5d4f":"","content_style_source":"inherit","content_style":"wide","vertical_spacing_source":"inherit","content_area_spacing":"both","background":{"background_type":"color","background_pattern":"type-1","background_image":{"attachment_id":null,"x":0,"y":0},"gradient":"linear-gradient(135deg,rgba(6,147,227,1) 0%,rgb(155,81,224) 100%)","background_repeat":"repeat","background_size":"auto","background_attachment":"scroll","patternColor":{"default":{"color":"#e5e7ea"}},"overlayColor":{"default":{"color":"CT_CSS_SKIP_RULE"}},"backgroundColor":{"default":{"color":"CT_CSS_SKIP_RULE"}}},"content_background":{"background_type":"color","background_pattern":"type-1","background_image":{"attachment_id":null,"x":0,"y":0},"gradient":"linear-gradient(135deg,rgba(6,147,227,1) 0%,rgb(155,81,224) 100%)","background_repeat":"repeat","background_size":"auto","background_attachment":"scroll","patternColor":{"default":{"color":"#e5e7ea"}},"overlayColor":{"default":{"color":"CT_CSS_SKIP_RULE"}},"backgroundColor":{"default":{"color":"var(--theme-palette-color-8)"}}},"content_boxed_shadow":{"inherit":false,"blur":18,"spread":-6,"v_offset":12,"h_offset":0,"inset":false,"enable":true,"color":{"color":"rgba(34, 56, 101, 0.04)"}},"content_boxed_border":{"width":1,"style":"none","color":{"color":"rgba(44,62,80,0.2)"}},"content_boxed_radius":{"top":"3px","bottom":"3px","left":"3px","right":"3px","linked":true},"boxed_content_spacing":{"desktop":{"top":"40px","bottom":"40px","left":"40px","right":"40px","linked":true},"tablet":{"top":"35px","bottom":"35px","left":"35px","right":"35px","linked":true},"mobile":{"top":"20px","bottom":"20px","left":"20px","right":"20px","linked":true}},"02998adfef99332f57583e28ec86106f":"","disable_featured_image":"no","disable_share_box":"no","disable_header":"no","disable_footer":"no"},"yoast_head":"<!-- This site is optimized with the Yoast SEO plugin v27.4 - https:\/\/yoast.com\/product\/yoast-seo-wordpress\/ -->\n<title>Home<\/title>\n<meta name=\"description\" content=\"ZeitZeuge: sieraden voor mannen, eigen en anders... ook voor vrouwen. Technisch kleinood uit een verleden tijdsieraden gemaakt van relikwie\u00ebn uit een andere tijd:linotype matrijzen - afgedankte horloges - klokken en elektronica-afval zoals harde schijven, spoelen van kwartshorloges.\" \/>\n<meta name=\"robots\" content=\"index, follow, max-snippet:-1, max-image-preview:large, max-video-preview:-1\" \/>\n<link rel=\"canonical\" href=\"https:\/\/zeitzeuge.nl\/de\/\" \/>\n<meta property=\"og:locale\" content=\"de_DE\" \/>\n<meta property=\"og:locale:alternate\" content=\"nl_NL\" \/>\n<meta property=\"og:locale:alternate\" content=\"eng_ENG\" \/>\n<meta property=\"og:type\" content=\"article\" \/>\n<meta property=\"og:title\" content=\"Home\" \/>\n<meta property=\"og:description\" content=\"ZeitZeuge: sieraden voor mannen, eigen en anders... ook voor vrouwen. Technisch kleinood uit een verleden tijdsieraden gemaakt van relikwie\u00ebn uit een andere tijd:linotype matrijzen - afgedankte horloges - klokken en elektronica-afval zoals harde schijven, spoelen van kwartshorloges.\" \/>\n<meta property=\"og:url\" content=\"https:\/\/zeitzeuge.nl\/de\/\" \/>\n<meta property=\"og:site_name\" content=\"zeitzeuge - jewellery for men\" \/>\n<meta property=\"article:modified_time\" content=\"2023-09-08T11:42:36+00:00\" \/>\n<meta name=\"twitter:card\" content=\"summary_large_image\" \/>\n<meta name=\"twitter:label1\" content=\"Gesch\u00e4tzte Lesezeit\" \/>\n\t<meta name=\"twitter:data1\" content=\"1\u00a0Minute\" \/>\n<script type=\"application\/ld+json\" class=\"yoast-schema-graph\">{\"@context\":\"https:\\\/\\\/schema.org\",\"@graph\":[{\"@type\":\"WebPage\",\"@id\":\"https:\\\/\\\/zeitzeuge.nl\\\/\",\"url\":\"https:\\\/\\\/zeitzeuge.nl\\\/\",\"name\":\"Home\",\"isPartOf\":{\"@id\":\"https:\\\/\\\/zeitzeuge.nl\\\/#website\"},\"datePublished\":\"2022-04-23T17:42:42+00:00\",\"dateModified\":\"2023-09-08T11:42:36+00:00\",\"description\":\"ZeitZeuge: sieraden voor mannen, eigen en anders... ook voor vrouwen. Technisch kleinood uit een verleden tijdsieraden gemaakt van relikwie\u00ebn uit een andere tijd:linotype matrijzen - afgedankte horloges - klokken en elektronica-afval zoals harde schijven, spoelen van kwartshorloges.\",\"breadcrumb\":{\"@id\":\"https:\\\/\\\/zeitzeuge.nl\\\/#breadcrumb\"},\"inLanguage\":\"de-DE\",\"potentialAction\":[{\"@type\":\"ReadAction\",\"target\":[\"https:\\\/\\\/zeitzeuge.nl\\\/\"]}]},{\"@type\":\"BreadcrumbList\",\"@id\":\"https:\\\/\\\/zeitzeuge.nl\\\/#breadcrumb\",\"itemListElement\":[{\"@type\":\"ListItem\",\"position\":1,\"name\":\"Home\",\"item\":\"https:\\\/\\\/zeitzeuge.nl\\\/\"},{\"@type\":\"ListItem\",\"position\":2,\"name\":\"Home\"}]},{\"@type\":\"WebSite\",\"@id\":\"https:\\\/\\\/zeitzeuge.nl\\\/#website\",\"url\":\"https:\\\/\\\/zeitzeuge.nl\\\/\",\"name\":\"zeitzeuge - jewellery for men\",\"description\":\"exclusive handmade technical jewellery\",\"publisher\":{\"@id\":\"https:\\\/\\\/zeitzeuge.nl\\\/#organization\"},\"potentialAction\":[{\"@type\":\"SearchAction\",\"target\":{\"@type\":\"EntryPoint\",\"urlTemplate\":\"https:\\\/\\\/zeitzeuge.nl\\\/?s={search_term_string}\"},\"query-input\":{\"@type\":\"PropertyValueSpecification\",\"valueRequired\":true,\"valueName\":\"search_term_string\"}}],\"inLanguage\":\"de-DE\"},{\"@type\":\"Organization\",\"@id\":\"https:\\\/\\\/zeitzeuge.nl\\\/#organization\",\"name\":\"zeitzeuge - jewellery for men\",\"url\":\"https:\\\/\\\/zeitzeuge.nl\\\/\",\"logo\":{\"@type\":\"ImageObject\",\"inLanguage\":\"de-DE\",\"@id\":\"https:\\\/\\\/zeitzeuge.nl\\\/#\\\/schema\\\/logo\\\/image\\\/\",\"url\":\"https:\\\/\\\/zeitzeuge.nl\\\/wp-content\\\/uploads\\\/2022\\\/03\\\/zeitzeuge1.jpg\",\"contentUrl\":\"https:\\\/\\\/zeitzeuge.nl\\\/wp-content\\\/uploads\\\/2022\\\/03\\\/zeitzeuge1.jpg\",\"width\":1000,\"height\":976,\"caption\":\"zeitzeuge - jewellery for men\"},\"image\":{\"@id\":\"https:\\\/\\\/zeitzeuge.nl\\\/#\\\/schema\\\/logo\\\/image\\\/\"}}]}<\/script>\n<!-- \/ Yoast SEO plugin. -->","yoast_head_json":{"title":"Home","description":"ZeitZeuge: sieraden voor mannen, eigen en anders... ook voor vrouwen. Technisch kleinood uit een verleden tijdsieraden gemaakt van relikwie\u00ebn uit een andere tijd:linotype matrijzen - afgedankte horloges - klokken en elektronica-afval zoals harde schijven, spoelen van kwartshorloges.","robots":{"index":"index","follow":"follow","max-snippet":"max-snippet:-1","max-image-preview":"max-image-preview:large","max-video-preview":"max-video-preview:-1"},"canonical":"https:\/\/zeitzeuge.nl\/de\/","og_locale":"de_DE","og_type":"article","og_title":"[:nl]Home[:eng]Home[:de]Home[:] - zeitzeuge - jewellery for men","og_description":"ZeitZeuge: sieraden voor mannen, eigen en anders... ook voor vrouwen. Technisch kleinood uit een verleden tijdsieraden gemaakt van relikwie\u00ebn uit een andere tijd:linotype matrijzen - afgedankte horloges - klokken en elektronica-afval zoals harde schijven, spoelen van kwartshorloges.","og_url":"https:\/\/zeitzeuge.nl\/de\/","og_site_name":"zeitzeuge - jewellery for men","article_modified_time":"2023-09-08T11:42:36+00:00","twitter_card":"summary_large_image","twitter_misc":{"Gesch\u00e4tzte Lesezeit":"1\u00a0Minute"},"schema":{"@context":"https:\/\/schema.org","@graph":[{"@type":"WebPage","@id":"https:\/\/zeitzeuge.nl\/","url":"https:\/\/zeitzeuge.nl\/","name":"Home","isPartOf":{"@id":"https:\/\/zeitzeuge.nl\/#website"},"datePublished":"2022-04-23T17:42:42+00:00","dateModified":"2023-09-08T11:42:36+00:00","description":"ZeitZeuge: sieraden voor mannen, eigen en anders... ook voor vrouwen. Technisch kleinood uit een verleden tijdsieraden gemaakt van relikwie\u00ebn uit een andere tijd:linotype matrijzen - afgedankte horloges - klokken en elektronica-afval zoals harde schijven, spoelen van kwartshorloges.","breadcrumb":{"@id":"https:\/\/zeitzeuge.nl\/#breadcrumb"},"inLanguage":"de-DE","potentialAction":[{"@type":"ReadAction","target":["https:\/\/zeitzeuge.nl\/"]}]},{"@type":"BreadcrumbList","@id":"https:\/\/zeitzeuge.nl\/#breadcrumb","itemListElement":[{"@type":"ListItem","position":1,"name":"Home","item":"https:\/\/zeitzeuge.nl\/"},{"@type":"ListItem","position":2,"name":"Home"}]},{"@type":"WebSite","@id":"https:\/\/zeitzeuge.nl\/#website","url":"https:\/\/zeitzeuge.nl\/","name":"zeitzeuge - jewellery for men","description":"exclusive handmade technical jewellery","publisher":{"@id":"https:\/\/zeitzeuge.nl\/#organization"},"potentialAction":[{"@type":"SearchAction","target":{"@type":"EntryPoint","urlTemplate":"https:\/\/zeitzeuge.nl\/?s={search_term_string}"},"query-input":{"@type":"PropertyValueSpecification","valueRequired":true,"valueName":"search_term_string"}}],"inLanguage":"de-DE"},{"@type":"Organization","@id":"https:\/\/zeitzeuge.nl\/#organization","name":"zeitzeuge - jewellery for men","url":"https:\/\/zeitzeuge.nl\/","logo":{"@type":"ImageObject","inLanguage":"de-DE","@id":"https:\/\/zeitzeuge.nl\/#\/schema\/logo\/image\/","url":"https:\/\/zeitzeuge.nl\/wp-content\/uploads\/2022\/03\/zeitzeuge1.jpg","contentUrl":"https:\/\/zeitzeuge.nl\/wp-content\/uploads\/2022\/03\/zeitzeuge1.jpg","width":1000,"height":976,"caption":"zeitzeuge - jewellery for men"},"image":{"@id":"https:\/\/zeitzeuge.nl\/#\/schema\/logo\/image\/"}}]}},"_links":{"self":[{"href":"https:\/\/zeitzeuge.nl\/de\/wp-json\/wp\/v2\/pages\/110","targetHints":{"allow":["GET"]}}],"collection":[{"href":"https:\/\/zeitzeuge.nl\/de\/wp-json\/wp\/v2\/pages"}],"about":[{"href":"https:\/\/zeitzeuge.nl\/de\/wp-json\/wp\/v2\/types\/page"}],"author":[{"embeddable":true,"href":"https:\/\/zeitzeuge.nl\/de\/wp-json\/wp\/v2\/users\/2"}],"replies":[{"embeddable":true,"href":"https:\/\/zeitzeuge.nl\/de\/wp-json\/wp\/v2\/comments?post=110"}],"version-history":[{"count":23,"href":"https:\/\/zeitzeuge.nl\/de\/wp-json\/wp\/v2\/pages\/110\/revisions"}],"predecessor-version":[{"id":843,"href":"https:\/\/zeitzeuge.nl\/de\/wp-json\/wp\/v2\/pages\/110\/revisions\/843"}],"wp:attachment":[{"href":"https:\/\/zeitzeuge.nl\/de\/wp-json\/wp\/v2\/media?parent=110"}],"curies":[{"name":"wp","href":"https:\/\/api.w.org\/{rel}","templated":true}]}}